{"id":18046,"date":"2024-05-21T19:54:24","date_gmt":"2024-05-21T18:54:24","guid":{"rendered":"https:\/\/west-group.ro\/leistungsspektrum\/lucrari-de-structura\/"},"modified":"2025-07-14T10:16:15","modified_gmt":"2025-07-14T09:16:15","slug":"rohbauarbeiten","status":"publish","type":"page","link":"https:\/\/west-group.ro\/de\/leistungsspektrum\/rohbauarbeiten\/","title":{"rendered":"Rohbauarbeiten"},"content":{"rendered":"\t\t<div data-elementor-type=\"wp-page\" data-elementor-id=\"18046\" class=\"elementor elementor-18046 elementor-15337\">\r\n\t\t\t\t\t\t<div class=\"elementor-inner\">\r\n\t\t\t\t<div class=\"elementor-section-wrap\">\r\n\t\t\t\t\t\t\t<div class=\"elementor-element elementor-element-ea9e611 service-page-hero e-container--column e-container\" data-id=\"ea9e611\" data-element_type=\"container\" data-settings=\"{&quot;background_background&quot;:&quot;classic&quot;}\">\t\t<div class=\"elementor-element elementor-element-f0cd95c e-container--column e-container\" data-id=\"f0cd95c\" data-element_type=\"container\">\t\t<\/div><div class=\"elementor-element elementor-element-7459f7a e-container--column e-container\" data-id=\"7459f7a\" data-element_type=\"container\">\t\t\t\t<div class=\"elementor-element elementor-element-de21aab elementor-widget elementor-widget-heading\" data-id=\"de21aab\" data-element_type=\"widget\" data-widget_type=\"heading.default\">\r\n\t\t\t\t<div class=\"elementor-widget-container\">\r\n\t\t\t<h1 class=\"elementor-heading-title elementor-size-default\">Rohbauarbeiten<\/h1>\t\t<\/div>\r\n\t\t\t\t<\/div>\r\n\t\t\t\t<div class=\"elementor-element elementor-element-c75f74d btn-primary-west elementor-widget elementor-widget-button\" data-id=\"c75f74d\" data-element_type=\"widget\" data-widget_type=\"button.default\">\r\n\t\t\t\t<div class=\"elementor-widget-container\">\r\n\t\t\t\t\t<div class=\"elementor-button-wrapper\">\r\n\t\t\t<a href=\"https:\/\/west-group.ro\/contact\/\" class=\"elementor-button-link elementor-button elementor-size-sm\" role=\"button\">\r\n\t\t\t\t\t\t<span class=\"elementor-button-content-wrapper\">\r\n\t\t\t\t\t\t\t<span class=\"elementor-button-icon elementor-align-icon-right\">\r\n\t\t\t\t<svg xmlns=\"http:\/\/www.w3.org\/2000\/svg\" width=\"18\" height=\"18\" viewBox=\"0 0 18 18\" fill=\"none\"><path d=\"M13.172 8.00005L7.808 2.63605L9.222 1.22205L17 9.00005L9.222 16.778L7.808 15.364L13.172 10H1V8.00005H13.172Z\" fill=\"black\"><\/path><\/svg>\t\t\t<\/span>\r\n\t\t\t\t\t\t<span class=\"elementor-button-text\">Kontaktiere uns<\/span>\r\n\t\t<\/span>\r\n\t\t\t\t\t<\/a>\r\n\t\t<\/div>\r\n\t\t\t\t<\/div>\r\n\t\t\t\t<\/div>\r\n\t\t<\/div>\t\t<div class=\"elementor-element elementor-element-35a4325 elementor-absolute elementor-widget elementor-widget-image\" data-id=\"35a4325\" data-element_type=\"widget\" data-settings=\"{&quot;_position&quot;:&quot;absolute&quot;}\" data-widget_type=\"image.default\">\r\n\t\t\t\t<div class=\"elementor-widget-container\">\r\n\t\t\t\t\t\t\t\t<div class=\"elementor-image\">\r\n\t\t\t\t\t\t\t\t\t\t\t\t<img loading=\"lazy\" decoding=\"async\" width=\"1001\" height=\"1024\" src=\"https:\/\/west-group.ro\/wp-content\/uploads\/2024\/05\/lucrari-de-structura-1001x1024.webp\" class=\"attachment-large size-large\" alt=\"\" srcset=\"https:\/\/west-group.ro\/wp-content\/uploads\/2024\/05\/lucrari-de-structura-1001x1024.webp 1001w, https:\/\/west-group.ro\/wp-content\/uploads\/2024\/05\/lucrari-de-structura-293x300.webp 293w, https:\/\/west-group.ro\/wp-content\/uploads\/2024\/05\/lucrari-de-structura-768x786.webp 768w, https:\/\/west-group.ro\/wp-content\/uploads\/2024\/05\/lucrari-de-structura-1501x1536.webp 1501w, https:\/\/west-group.ro\/wp-content\/uploads\/2024\/05\/lucrari-de-structura.webp 1564w\" sizes=\"(max-width: 1001px) 100vw, 1001px\" \/>\t\t\t\t\t\t\t\t\t\t\t\t\t\t<\/div>\r\n\t\t\t\t\t\t<\/div>\r\n\t\t\t\t<\/div>\r\n\t\t<div class=\"elementor-element elementor-element-70d7190 e-container--column e-container\" data-id=\"70d7190\" data-element_type=\"container\">\t\t<\/div><\/div><div class=\"elementor-element elementor-element-d86aa35 service-page-hero elementor-hidden-tablet elementor-hidden-mobile e-container--column e-container\" data-id=\"d86aa35\" data-element_type=\"container\" data-settings=\"{&quot;background_background&quot;:&quot;gradient&quot;}\">\t\t\t\t<div class=\"elementor-element elementor-element-c779923 elementor-nav-menu__align-left menu-links link-effect elementor-nav-menu--dropdown-none elementor-hidden-tablet elementor-hidden-mobile elementor-widget elementor-widget-nav-menu\" data-id=\"c779923\" data-element_type=\"widget\" data-settings=\"{&quot;toggle_icon_hover_animation&quot;:&quot;grow&quot;,&quot;layout&quot;:&quot;horizontal&quot;,&quot;submenu_icon&quot;:{&quot;value&quot;:&quot;&lt;i class=\\&quot;fas fa-caret-down\\&quot;&gt;&lt;\\\/i&gt;&quot;,&quot;library&quot;:&quot;fa-solid&quot;}}\" data-widget_type=\"nav-menu.default\">\r\n\t\t\t\t<div class=\"elementor-widget-container\">\r\n\t\t\t\t\t\t<nav migration_allowed=\"1\" migrated=\"0\" role=\"navigation\" class=\"elementor-nav-menu--main elementor-nav-menu__container elementor-nav-menu--layout-horizontal e--pointer-none\">\r\n\t\t\t\t<ul id=\"menu-1-c779923\" class=\"elementor-nav-menu\"><li class=\"menu-item menu-item-type-post_type menu-item-object-page menu-item-15737\"><a href=\"https:\/\/west-group.ro\/servicii\/lucrari-de-structura\/\" class=\"elementor-item\">Rohbauarbeiten<\/a><\/li>\n<li class=\"menu-item menu-item-type-post_type menu-item-object-page menu-item-15736\"><a href=\"https:\/\/west-group.ro\/servicii\/lucrari-de-infrastructura\/\" class=\"elementor-item\">Infrastrukturarbeiten<\/a><\/li>\n<li class=\"menu-item menu-item-type-post_type menu-item-object-page menu-item-15735\"><a href=\"https:\/\/west-group.ro\/servicii\/demolari\/\" class=\"elementor-item\">Abbrucharbeiten<\/a><\/li>\n<li class=\"menu-item menu-item-type-post_type menu-item-object-page menu-item-15734\"><a href=\"https:\/\/west-group.ro\/servicii\/logistica\/\" class=\"elementor-item\">Logistik<\/a><\/li>\n<\/ul>\t\t\t<\/nav>\r\n\t\t\t\t\t<div class=\"elementor-menu-toggle\" role=\"button\" tabindex=\"0\" aria-label=\"Menu Toggle\" aria-expanded=\"false\">\r\n\t\t\t<span class=\"elementor-menu-toggle__icon--open elementor-animation-grow\"><svg xmlns=\"http:\/\/www.w3.org\/2000\/svg\" width=\"39\" height=\"41\" viewBox=\"0 0 39 41\" fill=\"none\"><path fill-rule=\"evenodd\" clip-rule=\"evenodd\" d=\"M37.1454 15.3999H0.921875V12.8999H37.1454V15.3999Z\" fill=\"#252322\"><\/path><path fill-rule=\"evenodd\" clip-rule=\"evenodd\" d=\"M37.1454 27.1143H0.921875V24.6143H37.1454V27.1143Z\" fill=\"#252322\"><\/path><\/svg><\/span><span class=\"elementor-menu-toggle__icon--close elementor-animation-grow\"><svg xmlns=\"http:\/\/www.w3.org\/2000\/svg\" width=\"39\" height=\"41\" viewBox=\"0 0 39 41\" fill=\"none\"><path d=\"M9.4043 10.3784L28.6615 29.6356\" stroke=\"#252322\" stroke-width=\"2.5\"><\/path><path d=\"M9.4043 29.6357L28.6615 10.3786\" stroke=\"#252322\" stroke-width=\"2.5\"><\/path><\/svg><\/span>\t\t\t<span class=\"elementor-screen-only\">Men\u00fc<\/span>\r\n\t\t<\/div>\r\n\t\t\t<nav class=\"elementor-nav-menu--dropdown elementor-nav-menu__container\" role=\"navigation\" aria-hidden=\"true\">\r\n\t\t\t\t<ul id=\"menu-2-c779923\" class=\"elementor-nav-menu\"><li class=\"menu-item menu-item-type-post_type menu-item-object-page menu-item-15737\"><a href=\"https:\/\/west-group.ro\/servicii\/lucrari-de-structura\/\" class=\"elementor-item\" tabindex=\"-1\">Rohbauarbeiten<\/a><\/li>\n<li class=\"menu-item menu-item-type-post_type menu-item-object-page menu-item-15736\"><a href=\"https:\/\/west-group.ro\/servicii\/lucrari-de-infrastructura\/\" class=\"elementor-item\" tabindex=\"-1\">Infrastrukturarbeiten<\/a><\/li>\n<li class=\"menu-item menu-item-type-post_type menu-item-object-page menu-item-15735\"><a href=\"https:\/\/west-group.ro\/servicii\/demolari\/\" class=\"elementor-item\" tabindex=\"-1\">Abbrucharbeiten<\/a><\/li>\n<li class=\"menu-item menu-item-type-post_type menu-item-object-page menu-item-15734\"><a href=\"https:\/\/west-group.ro\/servicii\/logistica\/\" class=\"elementor-item\" tabindex=\"-1\">Logistik<\/a><\/li>\n<\/ul>\t\t\t<\/nav>\r\n\t\t\t\t<\/div>\r\n\t\t\t\t<\/div>\r\n\t\t<\/div><div class=\"elementor-element elementor-element-8cb4d8a e-container--column e-container\" data-id=\"8cb4d8a\" data-element_type=\"container\">\t\t<div class=\"elementor-element elementor-element-a0d4526 e-container--row e-container\" data-id=\"a0d4526\" data-element_type=\"container\">\t\t<div class=\"elementor-element elementor-element-4a7406c e-container--column e-container\" data-id=\"4a7406c\" data-element_type=\"container\">\t\t\t\t<div class=\"elementor-element elementor-element-dfe24cf elementor-widget-tablet__width-initial elementor-widget elementor-widget-text-editor\" data-id=\"dfe24cf\" data-element_type=\"widget\" data-widget_type=\"text-editor.default\">\r\n\t\t\t\t<div class=\"elementor-widget-container\">\r\n\t\t\t\t\t\t\t\t<div class=\"elementor-text-editor elementor-clearfix\">\r\n\t\t\t\t<p>Ob Stahlkonstruktion, Stahlbeton-, Ziegel- oder Holzbau \u2013 wir halten die vereinbarten Ausf\u00fchrungszeiten ebenso ein wie h\u00f6chste Qualit\u00e4tsstandards.<\/p><p>Vertrauen und Kundenzufriedenheit sind die Grundpfeiler unseres Erfolgs \u2013 und die Ergebnisse sprechen f\u00fcr sich.<\/p>\t\t\t\t\t<\/div>\r\n\t\t\t\t\t\t<\/div>\r\n\t\t\t\t<\/div>\r\n\t\t\t\t<div class=\"elementor-element elementor-element-e870e40 elementor-widget-tablet__width-initial elementor-widget__width-initial elementor-widget elementor-widget-heading\" data-id=\"e870e40\" data-element_type=\"widget\" data-widget_type=\"heading.default\">\r\n\t\t\t\t<div class=\"elementor-widget-container\">\r\n\t\t\t<h2 class=\"elementor-heading-title elementor-size-default\">Mit Professionalit\u00e4t bringen wir jedes Projekt erfolgreich zum Abschluss!<\/h2>\t\t<\/div>\r\n\t\t\t\t<\/div>\r\n\t\t<\/div><div class=\"elementor-element elementor-element-1595004 e-container--column e-container\" data-id=\"1595004\" data-element_type=\"container\">\t\t\t\t<div class=\"elementor-element elementor-element-0fac258 img-mask-right elementor-widget elementor-widget-image\" data-id=\"0fac258\" data-element_type=\"widget\" data-widget_type=\"image.default\">\r\n\t\t\t\t<div class=\"elementor-widget-container\">\r\n\t\t\t\t\t\t\t\t<div class=\"elementor-image\">\r\n\t\t\t\t\t\t\t\t\t\t\t\t<img loading=\"lazy\" decoding=\"async\" width=\"1024\" height=\"940\" src=\"https:\/\/west-group.ro\/wp-content\/uploads\/2024\/09\/Lucrari-de-structura-2-1024x940.webp\" class=\"attachment-large size-large\" alt=\"\" srcset=\"https:\/\/west-group.ro\/wp-content\/uploads\/2024\/09\/Lucrari-de-structura-2-1024x940.webp 1024w, https:\/\/west-group.ro\/wp-content\/uploads\/2024\/09\/Lucrari-de-structura-2-300x275.webp 300w, https:\/\/west-group.ro\/wp-content\/uploads\/2024\/09\/Lucrari-de-structura-2-768x705.webp 768w, https:\/\/west-group.ro\/wp-content\/uploads\/2024\/09\/Lucrari-de-structura-2-1536x1410.webp 1536w, https:\/\/west-group.ro\/wp-content\/uploads\/2024\/09\/Lucrari-de-structura-2.webp 1764w\" sizes=\"(max-width: 1024px) 100vw, 1024px\" \/>\t\t\t\t\t\t\t\t\t\t\t\t\t\t<\/div>\r\n\t\t\t\t\t\t<\/div>\r\n\t\t\t\t<\/div>\r\n\t\t<\/div><\/div><\/div><div class=\"elementor-element elementor-element-06b2909 e-container--row e-container\" data-id=\"06b2909\" data-element_type=\"container\">\t\t\t\t<div class=\"elementor-element elementor-element-c5a5b96 title-accent-bar bar-centered elementor-widget__width-initial elementor-widget elementor-widget-heading\" data-id=\"c5a5b96\" data-element_type=\"widget\" data-widget_type=\"heading.default\">\r\n\t\t\t\t<div class=\"elementor-widget-container\">\r\n\t\t\t<h2 class=\"elementor-heading-title elementor-size-default\">Projekte<\/h2>\t\t<\/div>\r\n\t\t\t\t<\/div>\r\n\t\t\t\t<div class=\"elementor-element elementor-element-fc61727 projects-gallery projects-services elementor-widget elementor-widget-rt-project-gallery\" data-id=\"fc61727\" data-element_type=\"widget\" data-widget_type=\"rt-project-gallery.default\">\r\n\t\t\t\t<div class=\"elementor-widget-container\">\r\n\t\t\t<div class=\"rtel-project-gallery rtel-project-gallery6\">\r\n  <div id=\"69e9293d52d97\" class=\"smart-nav-layout3\"><\/div>\r\n  <div class=\"owl-theme owl-carousel rt-owl-carousel\" data-carousel-options=\"{&quot;nav&quot;:true,&quot;navText&quot;:[&quot;&lt;i class=\\&quot;flaticon-left-arrow\\&quot; aria-hidden=\\&quot;true\\&quot;&gt;&lt;\\\/i&gt;&quot;,&quot;&lt;i class=\\&quot;flaticon-right-arrow\\&quot; aria-hidden=\\&quot;true\\&quot;&gt;&lt;\\\/i&gt;&quot;],&quot;navContainer&quot;:&quot;#69e9293d52d97&quot;,&quot;dots&quot;:false,&quot;autoplay&quot;:true,&quot;autoplayTimeout&quot;:&quot;5000&quot;,&quot;autoplaySpeed&quot;:200,&quot;autoplayHoverPause&quot;:true,&quot;loop&quot;:true,&quot;margin&quot;:10,&quot;smartSpeed&quot;:1200,&quot;responsive&quot;:{&quot;0&quot;:{&quot;items&quot;:&quot;1&quot;,&quot;nav&quot;:true,&quot;dots&quot;:false},&quot;480&quot;:{&quot;items&quot;:&quot;1&quot;,&quot;nav&quot;:true,&quot;dots&quot;:false},&quot;768&quot;:{&quot;items&quot;:&quot;3&quot;,&quot;nav&quot;:true,&quot;dots&quot;:false},&quot;992&quot;:{&quot;items&quot;:&quot;3&quot;,&quot;nav&quot;:true,&quot;dots&quot;:false},&quot;1200&quot;:{&quot;items&quot;:&quot;3&quot;,&quot;nav&quot;:true,&quot;dots&quot;:false}}}\">\r\n                <div class=\"rtin-project-layout6\">\r\n        <a href=\"https:\/\/west-group.ro\/de\/project\/design-tower\/\">\r\n          <img decoding=\"async\" src=\"https:\/\/west-group.ro\/wp-content\/uploads\/2022\/02\/PDT-Stuttgart-3-320x320.jpg\" alt=\"Project Img\" class=\"img-fluid\">\r\n        <\/a>\r\n        <div class=\"rtin-item-content\">\r\n          <h3 class=\"rtin-item-title\">\r\n            <a href=\"https:\/\/west-group.ro\/de\/project\/design-tower\/\">Design Tower<\/a>\r\n          <\/h3>\r\n          <p>Das Projekt umfasst eine Geb\u00e4udeh\u00f6he von ca. 90 m und reiht sich in die<\/p>\r\n        <\/div>\r\n      <\/div>\r\n                <div class=\"rtin-project-layout6\">\r\n        <a href=\"https:\/\/west-group.ro\/de\/project\/skyline-stuttgart\/\">\r\n          <img decoding=\"async\" src=\"https:\/\/west-group.ro\/wp-content\/uploads\/2022\/02\/20-320x320.jpeg\" alt=\"Project Img\" class=\"img-fluid\">\r\n        <\/a>\r\n        <div class=\"rtin-item-content\">\r\n          <h3 class=\"rtin-item-title\">\r\n            <a href=\"https:\/\/west-group.ro\/de\/project\/skyline-stuttgart\/\">Skyline Stuttgart<\/a>\r\n          <\/h3>\r\n          <p>Skyline Stuttgart ist ein beeindruckendes Wohn-\/B\u00fcroprojekt mit spektakul\u00e4rem Stadtblick. Der Skyline Tower ist ein<\/p>\r\n        <\/div>\r\n      <\/div>\r\n                <div class=\"rtin-project-layout6\">\r\n        <a href=\"https:\/\/west-group.ro\/de\/project\/daimler-office-v\/\">\r\n          <img decoding=\"async\" src=\"https:\/\/west-group.ro\/wp-content\/uploads\/2022\/02\/1-1-320x320.jpeg\" alt=\"Project Img\" class=\"img-fluid\">\r\n        <\/a>\r\n        <div class=\"rtin-item-content\">\r\n          <h3 class=\"rtin-item-title\">\r\n            <a href=\"https:\/\/west-group.ro\/de\/project\/daimler-office-v\/\">Daimler Office V<\/a>\r\n          <\/h3>\r\n          <p>\u201eDaimler Office V\u201c ist kein gew\u00f6hnlicher Standort, sondern ein komplexer Campus mit minimalistischer B\u00fcrogestaltung.<\/p>\r\n        <\/div>\r\n      <\/div>\r\n                <div class=\"rtin-project-layout6\">\r\n        <a href=\"https:\/\/west-group.ro\/de\/project\/zebra-frankfurt\/\">\r\n          <img decoding=\"async\" src=\"https:\/\/west-group.ro\/wp-content\/uploads\/2022\/02\/3-320x320.jpg\" alt=\"Project Img\" class=\"img-fluid\">\r\n        <\/a>\r\n        <div class=\"rtin-item-content\">\r\n          <h3 class=\"rtin-item-title\">\r\n            <a href=\"https:\/\/west-group.ro\/de\/project\/zebra-frankfurt\/\">Zebra, Frankfurt<\/a>\r\n          <\/h3>\r\n          <p>Im Europaviertel - Frankfurt am Main - im European Business District gelegen, bildet das<\/p>\r\n        <\/div>\r\n      <\/div>\r\n      <\/div>\r\n<\/div>\r\n\t\t<\/div>\r\n\t\t\t\t<\/div>\r\n\t\t<\/div>\t\t\t\t\t\t\t<\/div>\r\n\t\t\t<\/div>\r\n\t\t\t\t\t<\/div>\r\n\t\t","protected":false},"excerpt":{"rendered":"<p>Rohbauarbeiten Kontaktiere uns Ob Stahlkonstruktion, Stahlbeton-, Ziegel- oder Holzbau \u2013 wir halten die vereinbarten Ausf\u00fchrungszeiten ebenso ein wie h\u00f6chste Qualit\u00e4tsstandards. Vertrauen und Kundenzufriedenheit sind die Grundpfeiler unseres Erfolgs \u2013 und die Ergebnisse sprechen f\u00fcr sich. Mit Professionalit\u00e4t bringen wir jedes Projekt erfolgreich zum Abschluss! Projekte Design Tower Proiectul include o cca. Cl\u0103dire de 90 m&#8230;<\/p>\n","protected":false},"author":8,"featured_media":0,"parent":18765,"menu_order":0,"comment_status":"closed","ping_status":"closed","template":"elementor_header_footer","meta":{"footnotes":""},"class_list":["post-18046","page","type-page","status-publish","hentry"],"acf":[],"yoast_head":"<!-- This site is optimized with the Yoast SEO plugin v19.6.1 - https:\/\/yoast.com\/wordpress\/plugins\/seo\/ -->\n<title>Rohbauarbeiten - West Group<\/title>\n<meta name=\"robots\" content=\"index, follow, max-snippet:-1, max-image-preview:large, max-video-preview:-1\" \/>\n<link rel=\"canonical\" href=\"https:\/\/west-group.ro\/de\/leistungsspektrum\/rohbauarbeiten\/\" \/>\n<meta property=\"og:locale\" content=\"de_DE\" \/>\n<meta property=\"og:type\" content=\"article\" \/>\n<meta property=\"og:title\" content=\"Rohbauarbeiten - West Group\" \/>\n<meta property=\"og:description\" content=\"Rohbauarbeiten Kontaktiere uns Ob Stahlkonstruktion, Stahlbeton-, Ziegel- oder Holzbau \u2013 wir halten die vereinbarten Ausf\u00fchrungszeiten ebenso ein wie h\u00f6chste Qualit\u00e4tsstandards. Vertrauen und Kundenzufriedenheit sind die Grundpfeiler unseres Erfolgs \u2013 und die Ergebnisse sprechen f\u00fcr sich. Mit Professionalit\u00e4t bringen wir jedes Projekt erfolgreich zum Abschluss! Projekte Design Tower Proiectul include o cca. Cl\u0103dire de 90 m...\" \/>\n<meta property=\"og:url\" content=\"https:\/\/west-group.ro\/de\/leistungsspektrum\/rohbauarbeiten\/\" \/>\n<meta property=\"og:site_name\" content=\"West Group\" \/>\n<meta property=\"article:modified_time\" content=\"2025-07-14T09:16:15+00:00\" \/>\n<meta property=\"og:image\" content=\"https:\/\/west-group.ro\/wp-content\/uploads\/2024\/05\/lucrari-de-structura-1001x1024.webp\" \/>\n<meta name=\"twitter:card\" content=\"summary_large_image\" \/>\n<meta name=\"twitter:label1\" content=\"Gesch\u00e4tzte Lesezeit\" \/>\n\t<meta name=\"twitter:data1\" content=\"4 Minuten\" \/>\n<script type=\"application\/ld+json\" class=\"yoast-schema-graph\">{\"@context\":\"https:\/\/schema.org\",\"@graph\":[{\"@type\":\"WebPage\",\"@id\":\"https:\/\/west-group.ro\/de\/leistungsspektrum\/rohbauarbeiten\/\",\"url\":\"https:\/\/west-group.ro\/de\/leistungsspektrum\/rohbauarbeiten\/\",\"name\":\"Rohbauarbeiten - West Group\",\"isPartOf\":{\"@id\":\"https:\/\/west-group.ro\/#website\"},\"datePublished\":\"2024-05-21T18:54:24+00:00\",\"dateModified\":\"2025-07-14T09:16:15+00:00\",\"breadcrumb\":{\"@id\":\"https:\/\/west-group.ro\/de\/leistungsspektrum\/rohbauarbeiten\/#breadcrumb\"},\"inLanguage\":\"de-DE\",\"potentialAction\":[{\"@type\":\"ReadAction\",\"target\":[\"https:\/\/west-group.ro\/de\/leistungsspektrum\/rohbauarbeiten\/\"]}]},{\"@type\":\"BreadcrumbList\",\"@id\":\"https:\/\/west-group.ro\/de\/leistungsspektrum\/rohbauarbeiten\/#breadcrumb\",\"itemListElement\":[{\"@type\":\"ListItem\",\"position\":1,\"name\":\"Home\",\"item\":\"https:\/\/west-group.ro\/\"},{\"@type\":\"ListItem\",\"position\":2,\"name\":\"Leistungsspektrum\",\"item\":\"https:\/\/west-group.ro\/en\/services\/\"},{\"@type\":\"ListItem\",\"position\":3,\"name\":\"Rohbauarbeiten\"}]},{\"@type\":\"WebSite\",\"@id\":\"https:\/\/west-group.ro\/#website\",\"url\":\"https:\/\/west-group.ro\/\",\"name\":\"West Group\",\"description\":\"\",\"publisher\":{\"@id\":\"https:\/\/west-group.ro\/#organization\"},\"potentialAction\":[{\"@type\":\"SearchAction\",\"target\":{\"@type\":\"EntryPoint\",\"urlTemplate\":\"https:\/\/west-group.ro\/?s={search_term_string}\"},\"query-input\":\"required name=search_term_string\"}],\"inLanguage\":\"de-DE\"},{\"@type\":\"Organization\",\"@id\":\"https:\/\/west-group.ro\/#organization\",\"name\":\"West Group\",\"url\":\"https:\/\/west-group.ro\/\",\"sameAs\":[],\"logo\":{\"@type\":\"ImageObject\",\"inLanguage\":\"de-DE\",\"@id\":\"https:\/\/west-group.ro\/#\/schema\/logo\/image\/\",\"url\":\"https:\/\/west-group.ro\/wp-content\/uploads\/2024\/03\/West-Group-Logo-Black.svg\",\"contentUrl\":\"https:\/\/west-group.ro\/wp-content\/uploads\/2024\/03\/West-Group-Logo-Black.svg\",\"caption\":\"West Group\"},\"image\":{\"@id\":\"https:\/\/west-group.ro\/#\/schema\/logo\/image\/\"}}]}<\/script>\n<!-- \/ Yoast SEO plugin. -->","yoast_head_json":{"title":"Rohbauarbeiten - West Group","robots":{"index":"index","follow":"follow","max-snippet":"max-snippet:-1","max-image-preview":"max-image-preview:large","max-video-preview":"max-video-preview:-1"},"canonical":"https:\/\/west-group.ro\/de\/leistungsspektrum\/rohbauarbeiten\/","og_locale":"de_DE","og_type":"article","og_title":"Rohbauarbeiten - West Group","og_description":"Rohbauarbeiten Kontaktiere uns Ob Stahlkonstruktion, Stahlbeton-, Ziegel- oder Holzbau \u2013 wir halten die vereinbarten Ausf\u00fchrungszeiten ebenso ein wie h\u00f6chste Qualit\u00e4tsstandards. Vertrauen und Kundenzufriedenheit sind die Grundpfeiler unseres Erfolgs \u2013 und die Ergebnisse sprechen f\u00fcr sich. Mit Professionalit\u00e4t bringen wir jedes Projekt erfolgreich zum Abschluss! Projekte Design Tower Proiectul include o cca. Cl\u0103dire de 90 m...","og_url":"https:\/\/west-group.ro\/de\/leistungsspektrum\/rohbauarbeiten\/","og_site_name":"West Group","article_modified_time":"2025-07-14T09:16:15+00:00","og_image":[{"url":"https:\/\/west-group.ro\/wp-content\/uploads\/2024\/05\/lucrari-de-structura-1001x1024.webp"}],"twitter_card":"summary_large_image","twitter_misc":{"Gesch\u00e4tzte Lesezeit":"4 Minuten"},"schema":{"@context":"https:\/\/schema.org","@graph":[{"@type":"WebPage","@id":"https:\/\/west-group.ro\/de\/leistungsspektrum\/rohbauarbeiten\/","url":"https:\/\/west-group.ro\/de\/leistungsspektrum\/rohbauarbeiten\/","name":"Rohbauarbeiten - West Group","isPartOf":{"@id":"https:\/\/west-group.ro\/#website"},"datePublished":"2024-05-21T18:54:24+00:00","dateModified":"2025-07-14T09:16:15+00:00","breadcrumb":{"@id":"https:\/\/west-group.ro\/de\/leistungsspektrum\/rohbauarbeiten\/#breadcrumb"},"inLanguage":"de-DE","potentialAction":[{"@type":"ReadAction","target":["https:\/\/west-group.ro\/de\/leistungsspektrum\/rohbauarbeiten\/"]}]},{"@type":"BreadcrumbList","@id":"https:\/\/west-group.ro\/de\/leistungsspektrum\/rohbauarbeiten\/#breadcrumb","itemListElement":[{"@type":"ListItem","position":1,"name":"Home","item":"https:\/\/west-group.ro\/"},{"@type":"ListItem","position":2,"name":"Leistungsspektrum","item":"https:\/\/west-group.ro\/en\/services\/"},{"@type":"ListItem","position":3,"name":"Rohbauarbeiten"}]},{"@type":"WebSite","@id":"https:\/\/west-group.ro\/#website","url":"https:\/\/west-group.ro\/","name":"West Group","description":"","publisher":{"@id":"https:\/\/west-group.ro\/#organization"},"potentialAction":[{"@type":"SearchAction","target":{"@type":"EntryPoint","urlTemplate":"https:\/\/west-group.ro\/?s={search_term_string}"},"query-input":"required name=search_term_string"}],"inLanguage":"de-DE"},{"@type":"Organization","@id":"https:\/\/west-group.ro\/#organization","name":"West Group","url":"https:\/\/west-group.ro\/","sameAs":[],"logo":{"@type":"ImageObject","inLanguage":"de-DE","@id":"https:\/\/west-group.ro\/#\/schema\/logo\/image\/","url":"https:\/\/west-group.ro\/wp-content\/uploads\/2024\/03\/West-Group-Logo-Black.svg","contentUrl":"https:\/\/west-group.ro\/wp-content\/uploads\/2024\/03\/West-Group-Logo-Black.svg","caption":"West Group"},"image":{"@id":"https:\/\/west-group.ro\/#\/schema\/logo\/image\/"}}]}},"_links":{"self":[{"href":"https:\/\/west-group.ro\/de\/wp-json\/wp\/v2\/pages\/18046"}],"collection":[{"href":"https:\/\/west-group.ro\/de\/wp-json\/wp\/v2\/pages"}],"about":[{"href":"https:\/\/west-group.ro\/de\/wp-json\/wp\/v2\/types\/page"}],"author":[{"embeddable":true,"href":"https:\/\/west-group.ro\/de\/wp-json\/wp\/v2\/users\/8"}],"replies":[{"embeddable":true,"href":"https:\/\/west-group.ro\/de\/wp-json\/wp\/v2\/comments?post=18046"}],"version-history":[{"count":9,"href":"https:\/\/west-group.ro\/de\/wp-json\/wp\/v2\/pages\/18046\/revisions"}],"predecessor-version":[{"id":18346,"href":"https:\/\/west-group.ro\/de\/wp-json\/wp\/v2\/pages\/18046\/revisions\/18346"}],"up":[{"embeddable":true,"href":"https:\/\/west-group.ro\/de\/wp-json\/wp\/v2\/pages\/18765"}],"wp:attachment":[{"href":"https:\/\/west-group.ro\/de\/wp-json\/wp\/v2\/media?parent=18046"}],"curies":[{"name":"wp","href":"https:\/\/api.w.org\/{rel}","templated":true}]}}