{"id":18037,"date":"2024-05-21T20:11:31","date_gmt":"2024-05-21T19:11:31","guid":{"rendered":"https:\/\/west-group.ro\/leistungsspektrum\/lucrari-de-infrastructura\/"},"modified":"2025-07-14T10:15:26","modified_gmt":"2025-07-14T09:15:26","slug":"infrastrukturarbeiten","status":"publish","type":"page","link":"https:\/\/west-group.ro\/de\/leistungsspektrum\/infrastrukturarbeiten\/","title":{"rendered":"Infrastrukturarbeiten"},"content":{"rendered":"\t\t<div data-elementor-type=\"wp-page\" data-elementor-id=\"18037\" class=\"elementor elementor-18037 elementor-15346\">\r\n\t\t\t\t\t\t<div class=\"elementor-inner\">\r\n\t\t\t\t<div class=\"elementor-section-wrap\">\r\n\t\t\t\t\t\t\t<div class=\"elementor-element elementor-element-b333be9 service-page-hero e-container--column e-container\" data-id=\"b333be9\" data-element_type=\"container\" data-settings=\"{&quot;background_background&quot;:&quot;classic&quot;}\">\t\t<div class=\"elementor-element elementor-element-552fae1 e-container--column e-container\" data-id=\"552fae1\" data-element_type=\"container\">\t\t<\/div><div class=\"elementor-element elementor-element-2edcddb e-container--column e-container\" data-id=\"2edcddb\" data-element_type=\"container\">\t\t\t\t<div class=\"elementor-element elementor-element-f0ff151 elementor-widget elementor-widget-heading\" data-id=\"f0ff151\" data-element_type=\"widget\" data-widget_type=\"heading.default\">\r\n\t\t\t\t<div class=\"elementor-widget-container\">\r\n\t\t\t<h1 class=\"elementor-heading-title elementor-size-default\">Infrastrukturarbeiten<\/h1>\t\t<\/div>\r\n\t\t\t\t<\/div>\r\n\t\t\t\t<div class=\"elementor-element elementor-element-9cac8e8 btn-primary-west elementor-widget elementor-widget-button\" data-id=\"9cac8e8\" data-element_type=\"widget\" data-widget_type=\"button.default\">\r\n\t\t\t\t<div class=\"elementor-widget-container\">\r\n\t\t\t\t\t<div class=\"elementor-button-wrapper\">\r\n\t\t\t<a href=\"https:\/\/west-group.ro\/contact\/\" class=\"elementor-button-link elementor-button elementor-size-sm\" role=\"button\">\r\n\t\t\t\t\t\t<span class=\"elementor-button-content-wrapper\">\r\n\t\t\t\t\t\t\t<span class=\"elementor-button-icon elementor-align-icon-right\">\r\n\t\t\t\t<svg xmlns=\"http:\/\/www.w3.org\/2000\/svg\" width=\"18\" height=\"18\" viewBox=\"0 0 18 18\" fill=\"none\"><path d=\"M13.172 8.00005L7.808 2.63605L9.222 1.22205L17 9.00005L9.222 16.778L7.808 15.364L13.172 10H1V8.00005H13.172Z\" fill=\"black\"><\/path><\/svg>\t\t\t<\/span>\r\n\t\t\t\t\t\t<span class=\"elementor-button-text\">Kontaktiere uns<\/span>\r\n\t\t<\/span>\r\n\t\t\t\t\t<\/a>\r\n\t\t<\/div>\r\n\t\t\t\t<\/div>\r\n\t\t\t\t<\/div>\r\n\t\t<\/div>\t\t<div class=\"elementor-element elementor-element-b6e20ea elementor-absolute elementor-widget elementor-widget-image\" data-id=\"b6e20ea\" data-element_type=\"widget\" data-settings=\"{&quot;_position&quot;:&quot;absolute&quot;}\" data-widget_type=\"image.default\">\r\n\t\t\t\t<div class=\"elementor-widget-container\">\r\n\t\t\t\t\t\t\t\t<div class=\"elementor-image\">\r\n\t\t\t\t\t\t\t\t\t\t\t\t<img loading=\"lazy\" decoding=\"async\" width=\"1024\" height=\"800\" src=\"https:\/\/west-group.ro\/wp-content\/uploads\/2024\/03\/Infrastrukturbau-2.webp\" class=\"attachment-large size-large\" alt=\"\" srcset=\"https:\/\/west-group.ro\/wp-content\/uploads\/2024\/03\/Infrastrukturbau-2.webp 1024w, https:\/\/west-group.ro\/wp-content\/uploads\/2024\/03\/Infrastrukturbau-2-300x234.webp 300w, https:\/\/west-group.ro\/wp-content\/uploads\/2024\/03\/Infrastrukturbau-2-768x600.webp 768w\" sizes=\"(max-width: 1024px) 100vw, 1024px\" \/>\t\t\t\t\t\t\t\t\t\t\t\t\t\t<\/div>\r\n\t\t\t\t\t\t<\/div>\r\n\t\t\t\t<\/div>\r\n\t\t<div class=\"elementor-element elementor-element-17ac82b e-container--column e-container\" data-id=\"17ac82b\" data-element_type=\"container\">\t\t<\/div><\/div><div class=\"elementor-element elementor-element-de23a48 service-page-hero elementor-hidden-tablet elementor-hidden-mobile e-container--column e-container\" data-id=\"de23a48\" data-element_type=\"container\" data-settings=\"{&quot;background_background&quot;:&quot;gradient&quot;}\">\t\t\t\t<div class=\"elementor-element elementor-element-b47175c elementor-nav-menu__align-left menu-links link-effect elementor-nav-menu--dropdown-none elementor-hidden-tablet elementor-hidden-mobile elementor-widget elementor-widget-nav-menu\" data-id=\"b47175c\" data-element_type=\"widget\" data-settings=\"{&quot;toggle_icon_hover_animation&quot;:&quot;grow&quot;,&quot;layout&quot;:&quot;horizontal&quot;,&quot;submenu_icon&quot;:{&quot;value&quot;:&quot;&lt;i class=\\&quot;fas fa-caret-down\\&quot;&gt;&lt;\\\/i&gt;&quot;,&quot;library&quot;:&quot;fa-solid&quot;}}\" data-widget_type=\"nav-menu.default\">\r\n\t\t\t\t<div class=\"elementor-widget-container\">\r\n\t\t\t\t\t\t<nav migration_allowed=\"1\" migrated=\"0\" role=\"navigation\" class=\"elementor-nav-menu--main elementor-nav-menu__container elementor-nav-menu--layout-horizontal e--pointer-none\">\r\n\t\t\t\t<ul id=\"menu-1-b47175c\" class=\"elementor-nav-menu\"><li class=\"menu-item menu-item-type-post_type menu-item-object-page menu-item-15737\"><a href=\"https:\/\/west-group.ro\/servicii\/lucrari-de-structura\/\" class=\"elementor-item\">Rohbauarbeiten<\/a><\/li>\n<li class=\"menu-item menu-item-type-post_type menu-item-object-page menu-item-15736\"><a href=\"https:\/\/west-group.ro\/servicii\/lucrari-de-infrastructura\/\" class=\"elementor-item\">Infrastrukturarbeiten<\/a><\/li>\n<li class=\"menu-item menu-item-type-post_type menu-item-object-page menu-item-15735\"><a href=\"https:\/\/west-group.ro\/servicii\/demolari\/\" class=\"elementor-item\">Abbrucharbeiten<\/a><\/li>\n<li class=\"menu-item menu-item-type-post_type menu-item-object-page menu-item-15734\"><a href=\"https:\/\/west-group.ro\/servicii\/logistica\/\" class=\"elementor-item\">Logistik<\/a><\/li>\n<\/ul>\t\t\t<\/nav>\r\n\t\t\t\t\t<div class=\"elementor-menu-toggle\" role=\"button\" tabindex=\"0\" aria-label=\"Menu Toggle\" aria-expanded=\"false\">\r\n\t\t\t<span class=\"elementor-menu-toggle__icon--open elementor-animation-grow\"><svg xmlns=\"http:\/\/www.w3.org\/2000\/svg\" width=\"39\" height=\"41\" viewBox=\"0 0 39 41\" fill=\"none\"><path fill-rule=\"evenodd\" clip-rule=\"evenodd\" d=\"M37.1454 15.3999H0.921875V12.8999H37.1454V15.3999Z\" fill=\"#252322\"><\/path><path fill-rule=\"evenodd\" clip-rule=\"evenodd\" d=\"M37.1454 27.1143H0.921875V24.6143H37.1454V27.1143Z\" fill=\"#252322\"><\/path><\/svg><\/span><span class=\"elementor-menu-toggle__icon--close elementor-animation-grow\"><svg xmlns=\"http:\/\/www.w3.org\/2000\/svg\" width=\"39\" height=\"41\" viewBox=\"0 0 39 41\" fill=\"none\"><path d=\"M9.4043 10.3784L28.6615 29.6356\" stroke=\"#252322\" stroke-width=\"2.5\"><\/path><path d=\"M9.4043 29.6357L28.6615 10.3786\" stroke=\"#252322\" stroke-width=\"2.5\"><\/path><\/svg><\/span>\t\t\t<span class=\"elementor-screen-only\">Men\u00fc<\/span>\r\n\t\t<\/div>\r\n\t\t\t<nav class=\"elementor-nav-menu--dropdown elementor-nav-menu__container\" role=\"navigation\" aria-hidden=\"true\">\r\n\t\t\t\t<ul id=\"menu-2-b47175c\" class=\"elementor-nav-menu\"><li class=\"menu-item menu-item-type-post_type menu-item-object-page menu-item-15737\"><a href=\"https:\/\/west-group.ro\/servicii\/lucrari-de-structura\/\" class=\"elementor-item\" tabindex=\"-1\">Rohbauarbeiten<\/a><\/li>\n<li class=\"menu-item menu-item-type-post_type menu-item-object-page menu-item-15736\"><a href=\"https:\/\/west-group.ro\/servicii\/lucrari-de-infrastructura\/\" class=\"elementor-item\" tabindex=\"-1\">Infrastrukturarbeiten<\/a><\/li>\n<li class=\"menu-item menu-item-type-post_type menu-item-object-page menu-item-15735\"><a href=\"https:\/\/west-group.ro\/servicii\/demolari\/\" class=\"elementor-item\" tabindex=\"-1\">Abbrucharbeiten<\/a><\/li>\n<li class=\"menu-item menu-item-type-post_type menu-item-object-page menu-item-15734\"><a href=\"https:\/\/west-group.ro\/servicii\/logistica\/\" class=\"elementor-item\" tabindex=\"-1\">Logistik<\/a><\/li>\n<\/ul>\t\t\t<\/nav>\r\n\t\t\t\t<\/div>\r\n\t\t\t\t<\/div>\r\n\t\t<\/div><div class=\"elementor-element elementor-element-b0bba77 e-container--column e-container\" data-id=\"b0bba77\" data-element_type=\"container\">\t\t<div class=\"elementor-element elementor-element-813fdf1 e-container--row e-container\" data-id=\"813fdf1\" data-element_type=\"container\">\t\t<div class=\"elementor-element elementor-element-c111d1e e-container--column e-container\" data-id=\"c111d1e\" data-element_type=\"container\">\t\t\t\t<div class=\"elementor-element elementor-element-9a5b455 elementor-widget-tablet__width-initial elementor-widget elementor-widget-text-editor\" data-id=\"9a5b455\" data-element_type=\"widget\" data-widget_type=\"text-editor.default\">\r\n\t\t\t\t<div class=\"elementor-widget-container\">\r\n\t\t\t\t\t\t\t\t<div class=\"elementor-text-editor elementor-clearfix\">\r\n\t\t\t\t<p>Infrastruktur ist ein wesentlicher Bestandteil der gesellschaftlichen Entwicklung und gew\u00e4hrleistet das reibungslose Funktionieren verschiedenster Lebens- und Wirtschaftsbereiche.<\/p><p>Unsere langj\u00e4hrige Erfahrung im Bereich des Tief- und Ingenieurbaus, die hohe Qualit\u00e4t unserer abgeschlossenen Projekte sowie unsere moderne technische Ausstattung sind die entscheidenden Faktoren, die f\u00fcr eine fachgerechte und zuverl\u00e4ssige Ausf\u00fchrung stehen.<\/p>\t\t\t\t\t<\/div>\r\n\t\t\t\t\t\t<\/div>\r\n\t\t\t\t<\/div>\r\n\t\t\t\t<div class=\"elementor-element elementor-element-f193656 elementor-widget-tablet__width-initial elementor-widget__width-initial elementor-widget elementor-widget-heading\" data-id=\"f193656\" data-element_type=\"widget\" data-widget_type=\"heading.default\">\r\n\t\t\t\t<div class=\"elementor-widget-container\">\r\n\t\t\t<h2 class=\"elementor-heading-title elementor-size-default\">Mit Professionalit\u00e4t bringen wir jedes Projekt erfolgreich zum Abschluss!<\/h2>\t\t<\/div>\r\n\t\t\t\t<\/div>\r\n\t\t<\/div><div class=\"elementor-element elementor-element-40ad625 e-container--column e-container\" data-id=\"40ad625\" data-element_type=\"container\">\t\t\t\t<div class=\"elementor-element elementor-element-af3071e elementor-widget elementor-widget-image\" data-id=\"af3071e\" data-element_type=\"widget\" data-widget_type=\"image.default\">\r\n\t\t\t\t<div class=\"elementor-widget-container\">\r\n\t\t\t\t\t\t\t\t<div class=\"elementor-image\">\r\n\t\t\t\t\t\t\t\t\t\t\t\t<img loading=\"lazy\" decoding=\"async\" width=\"1024\" height=\"766\" src=\"https:\/\/west-group.ro\/wp-content\/uploads\/2024\/03\/Infrastruktur-img-3-1024x766.webp\" class=\"attachment-large size-large\" alt=\"\" srcset=\"https:\/\/west-group.ro\/wp-content\/uploads\/2024\/03\/Infrastruktur-img-3-1024x766.webp 1024w, https:\/\/west-group.ro\/wp-content\/uploads\/2024\/03\/Infrastruktur-img-3-300x224.webp 300w, https:\/\/west-group.ro\/wp-content\/uploads\/2024\/03\/Infrastruktur-img-3-768x575.webp 768w, https:\/\/west-group.ro\/wp-content\/uploads\/2024\/03\/Infrastruktur-img-3.webp 1136w\" sizes=\"(max-width: 1024px) 100vw, 1024px\" \/>\t\t\t\t\t\t\t\t\t\t\t\t\t\t<\/div>\r\n\t\t\t\t\t\t<\/div>\r\n\t\t\t\t<\/div>\r\n\t\t<\/div><\/div><\/div><div class=\"elementor-element elementor-element-48c6f94 e-container--row e-container\" data-id=\"48c6f94\" data-element_type=\"container\">\t\t\t\t<div class=\"elementor-element elementor-element-161c02e title-accent-bar bar-centered elementor-widget__width-initial elementor-widget elementor-widget-heading\" data-id=\"161c02e\" data-element_type=\"widget\" data-widget_type=\"heading.default\">\r\n\t\t\t\t<div class=\"elementor-widget-container\">\r\n\t\t\t<h2 class=\"elementor-heading-title elementor-size-default\">Projekte<\/h2>\t\t<\/div>\r\n\t\t\t\t<\/div>\r\n\t\t\t\t<div class=\"elementor-element elementor-element-dd28410 projects-gallery projects-services elementor-widget elementor-widget-rt-project-gallery\" data-id=\"dd28410\" data-element_type=\"widget\" data-widget_type=\"rt-project-gallery.default\">\r\n\t\t\t\t<div class=\"elementor-widget-container\">\r\n\t\t\t<div class=\"rtel-project-gallery rtel-project-gallery6\">\r\n  <div id=\"69e9293f1d86c\" class=\"smart-nav-layout3\"><\/div>\r\n  <div class=\"owl-theme owl-carousel rt-owl-carousel\" data-carousel-options=\"{&quot;nav&quot;:true,&quot;navText&quot;:[&quot;&lt;i class=\\&quot;flaticon-left-arrow\\&quot; aria-hidden=\\&quot;true\\&quot;&gt;&lt;\\\/i&gt;&quot;,&quot;&lt;i class=\\&quot;flaticon-right-arrow\\&quot; aria-hidden=\\&quot;true\\&quot;&gt;&lt;\\\/i&gt;&quot;],&quot;navContainer&quot;:&quot;#69e9293f1d86c&quot;,&quot;dots&quot;:false,&quot;autoplay&quot;:true,&quot;autoplayTimeout&quot;:&quot;5000&quot;,&quot;autoplaySpeed&quot;:200,&quot;autoplayHoverPause&quot;:true,&quot;loop&quot;:true,&quot;margin&quot;:10,&quot;smartSpeed&quot;:1200,&quot;responsive&quot;:{&quot;0&quot;:{&quot;items&quot;:&quot;1&quot;,&quot;nav&quot;:true,&quot;dots&quot;:false},&quot;480&quot;:{&quot;items&quot;:&quot;1&quot;,&quot;nav&quot;:true,&quot;dots&quot;:false},&quot;768&quot;:{&quot;items&quot;:&quot;3&quot;,&quot;nav&quot;:true,&quot;dots&quot;:false},&quot;992&quot;:{&quot;items&quot;:&quot;3&quot;,&quot;nav&quot;:true,&quot;dots&quot;:false},&quot;1200&quot;:{&quot;items&quot;:&quot;3&quot;,&quot;nav&quot;:true,&quot;dots&quot;:false}}}\">\r\n                <div class=\"rtin-project-layout6\">\r\n        <a href=\"https:\/\/west-group.ro\/de\/project\/station-pfa-s21-stuttgart\/\">\r\n          <img decoding=\"async\" src=\"https:\/\/west-group.ro\/wp-content\/uploads\/2025\/10\/Station-PFA-S21-Stuttgart-320x320.webp\" alt=\"Project Img\" class=\"img-fluid\">\r\n        <\/a>\r\n        <div class=\"rtin-item-content\">\r\n          <h3 class=\"rtin-item-title\">\r\n            <a href=\"https:\/\/west-group.ro\/de\/project\/station-pfa-s21-stuttgart\/\">Station PFA S21 Stuttgart<\/a>\r\n          <\/h3>\r\n          <p>Das Projekt umfasst den Bau eines neuen Zugangsbauwerks zur unterirdischen Bahnstation des Stuttgarter Flughafens,<\/p>\r\n        <\/div>\r\n      <\/div>\r\n                <div class=\"rtin-project-layout6\">\r\n        <a href=\"https:\/\/west-group.ro\/de\/project\/a8-enztalquerung-pforzheim\/\">\r\n          <img decoding=\"async\" src=\"https:\/\/west-group.ro\/wp-content\/uploads\/2023\/11\/01-320x320.jpg\" alt=\"Project Img\" class=\"img-fluid\">\r\n        <\/a>\r\n        <div class=\"rtin-item-content\">\r\n          <h3 class=\"rtin-item-title\">\r\n            <a href=\"https:\/\/west-group.ro\/de\/project\/a8-enztalquerung-pforzheim\/\">A8 Enztalquerung Pforzheim<\/a>\r\n          <\/h3>\r\n          <p>Die A8 zwischen den Anschlussstellen Pforzheim S\u00fcd und Pforzheim Nord ist auf Grund der<\/p>\r\n        <\/div>\r\n      <\/div>\r\n                <div class=\"rtin-project-layout6\">\r\n        <a href=\"https:\/\/west-group.ro\/de\/project\/tunnel-karlsruhe\/\">\r\n          <img decoding=\"async\" src=\"https:\/\/west-group.ro\/wp-content\/uploads\/2022\/02\/1-320x320.jpeg\" alt=\"Project Img\" class=\"img-fluid\">\r\n        <\/a>\r\n        <div class=\"rtin-item-content\">\r\n          <h3 class=\"rtin-item-title\">\r\n            <a href=\"https:\/\/west-group.ro\/de\/project\/tunnel-karlsruhe\/\">Tunnel Karlsruhe<\/a>\r\n          <\/h3>\r\n          <p>Umbau der Kriegsstra\u00dfe: 1,6 km Autotunnel, neue Gleisstra\u00dfe sowie neue Fu\u00dfg\u00e4ngerzone. Die Infrastruktur spielt<\/p>\r\n        <\/div>\r\n      <\/div>\r\n                <div class=\"rtin-project-layout6\">\r\n        <a href=\"https:\/\/west-group.ro\/de\/project\/bahnprojekt-s21-stuttgart\/\">\r\n          <img decoding=\"async\" src=\"https:\/\/west-group.ro\/wp-content\/uploads\/2022\/05\/Photo_6619498_DJI_362_jpg_3904524_0_2022339200_photo_original.jpg-320x320.jpg\" alt=\"Project Img\" class=\"img-fluid\">\r\n        <\/a>\r\n        <div class=\"rtin-item-content\">\r\n          <h3 class=\"rtin-item-title\">\r\n            <a href=\"https:\/\/west-group.ro\/de\/project\/bahnprojekt-s21-stuttgart\/\">Bahnprojekt S21 Stuttgart<\/a>\r\n          <\/h3>\r\n          <p>Herstellung der Fundamente f\u00fcr die feste Fahrbahn der Los B (Nordkopf-S\u00fcdkopf) f\u00fcr S21 Stuttgart.<\/p>\r\n        <\/div>\r\n      <\/div>\r\n                <div class=\"rtin-project-layout6\">\r\n        <a href=\"https:\/\/west-group.ro\/de\/project\/offene-strecke-neckartal-nbs-wendlingen\/\">\r\n          <img decoding=\"async\" src=\"https:\/\/west-group.ro\/wp-content\/uploads\/2023\/03\/Offene-Strecke-Neckartal-NBS-1-320x320.jpeg\" alt=\"Project Img\" class=\"img-fluid\">\r\n        <\/a>\r\n        <div class=\"rtin-item-content\">\r\n          <h3 class=\"rtin-item-title\">\r\n            <a href=\"https:\/\/west-group.ro\/de\/project\/offene-strecke-neckartal-nbs-wendlingen\/\">Offene Strecke Neckartal NBS \u2013 Wendlingen<\/a>\r\n          <\/h3>\r\n          <p>Die zweigleisige Br\u00fccke ist 136 Meter lang und geh\u00f6rt zu dem ersten Bauwerk der<\/p>\r\n        <\/div>\r\n      <\/div>\r\n                <div class=\"rtin-project-layout6\">\r\n        <a href=\"https:\/\/west-group.ro\/de\/project\/a8-verflechtungsstreifen\/\">\r\n          <img decoding=\"async\" src=\"https:\/\/west-group.ro\/wp-content\/uploads\/2025\/10\/West-Group-under-construction-320x320.webp\" alt=\"Project Img\" class=\"img-fluid\">\r\n        <\/a>\r\n        <div class=\"rtin-item-content\">\r\n          <h3 class=\"rtin-item-title\">\r\n            <a href=\"https:\/\/west-group.ro\/de\/project\/a8-verflechtungsstreifen\/\">A8 Verflechtungsstreifen<\/a>\r\n          <\/h3>\r\n          <p>Bewehrung, Schalung und Betonierung von Fundamenten, Br\u00fcckendecken und Aufbauten f\u00fcr einen neuen Abschnitt der<\/p>\r\n        <\/div>\r\n      <\/div>\r\n      <\/div>\r\n<\/div>\r\n\t\t<\/div>\r\n\t\t\t\t<\/div>\r\n\t\t<\/div>\t\t\t\t\t\t\t<\/div>\r\n\t\t\t<\/div>\r\n\t\t\t\t\t<\/div>\r\n\t\t","protected":false},"excerpt":{"rendered":"<p>Infrastrukturarbeiten Kontaktiere uns Infrastruktur ist ein wesentlicher Bestandteil der gesellschaftlichen Entwicklung und gew\u00e4hrleistet das reibungslose Funktionieren verschiedenster Lebens- und Wirtschaftsbereiche. Unsere langj\u00e4hrige Erfahrung im Bereich des Tief- und Ingenieurbaus, die hohe Qualit\u00e4t unserer abgeschlossenen Projekte sowie unsere moderne technische Ausstattung sind die entscheidenden Faktoren, die f\u00fcr eine fachgerechte und zuverl\u00e4ssige Ausf\u00fchrung stehen. Mit Professionalit\u00e4t bringen&#8230;<\/p>\n","protected":false},"author":8,"featured_media":0,"parent":18765,"menu_order":0,"comment_status":"closed","ping_status":"closed","template":"elementor_header_footer","meta":{"footnotes":""},"class_list":["post-18037","page","type-page","status-publish","hentry"],"acf":[],"yoast_head":"<!-- This site is optimized with the Yoast SEO plugin v19.6.1 - https:\/\/yoast.com\/wordpress\/plugins\/seo\/ -->\n<title>Infrastrukturarbeiten - West Group<\/title>\n<meta name=\"robots\" content=\"index, follow, max-snippet:-1, max-image-preview:large, max-video-preview:-1\" \/>\n<link rel=\"canonical\" href=\"https:\/\/west-group.ro\/de\/leistungsspektrum\/infrastrukturarbeiten\/\" \/>\n<meta property=\"og:locale\" content=\"de_DE\" \/>\n<meta property=\"og:type\" content=\"article\" \/>\n<meta property=\"og:title\" content=\"Infrastrukturarbeiten - West Group\" \/>\n<meta property=\"og:description\" content=\"Infrastrukturarbeiten Kontaktiere uns Infrastruktur ist ein wesentlicher Bestandteil der gesellschaftlichen Entwicklung und gew\u00e4hrleistet das reibungslose Funktionieren verschiedenster Lebens- und Wirtschaftsbereiche. Unsere langj\u00e4hrige Erfahrung im Bereich des Tief- und Ingenieurbaus, die hohe Qualit\u00e4t unserer abgeschlossenen Projekte sowie unsere moderne technische Ausstattung sind die entscheidenden Faktoren, die f\u00fcr eine fachgerechte und zuverl\u00e4ssige Ausf\u00fchrung stehen. Mit Professionalit\u00e4t bringen...\" \/>\n<meta property=\"og:url\" content=\"https:\/\/west-group.ro\/de\/leistungsspektrum\/infrastrukturarbeiten\/\" \/>\n<meta property=\"og:site_name\" content=\"West Group\" \/>\n<meta property=\"article:modified_time\" content=\"2025-07-14T09:15:26+00:00\" \/>\n<meta property=\"og:image\" content=\"https:\/\/west-group.ro\/wp-content\/uploads\/2024\/03\/Infrastrukturbau-2.webp\" \/>\n<meta name=\"twitter:card\" content=\"summary_large_image\" \/>\n<meta name=\"twitter:label1\" content=\"Gesch\u00e4tzte Lesezeit\" \/>\n\t<meta name=\"twitter:data1\" content=\"5 Minuten\" \/>\n<script type=\"application\/ld+json\" class=\"yoast-schema-graph\">{\"@context\":\"https:\/\/schema.org\",\"@graph\":[{\"@type\":\"WebPage\",\"@id\":\"https:\/\/west-group.ro\/de\/leistungsspektrum\/infrastrukturarbeiten\/\",\"url\":\"https:\/\/west-group.ro\/de\/leistungsspektrum\/infrastrukturarbeiten\/\",\"name\":\"Infrastrukturarbeiten - West Group\",\"isPartOf\":{\"@id\":\"https:\/\/west-group.ro\/#website\"},\"datePublished\":\"2024-05-21T19:11:31+00:00\",\"dateModified\":\"2025-07-14T09:15:26+00:00\",\"breadcrumb\":{\"@id\":\"https:\/\/west-group.ro\/de\/leistungsspektrum\/infrastrukturarbeiten\/#breadcrumb\"},\"inLanguage\":\"de-DE\",\"potentialAction\":[{\"@type\":\"ReadAction\",\"target\":[\"https:\/\/west-group.ro\/de\/leistungsspektrum\/infrastrukturarbeiten\/\"]}]},{\"@type\":\"BreadcrumbList\",\"@id\":\"https:\/\/west-group.ro\/de\/leistungsspektrum\/infrastrukturarbeiten\/#breadcrumb\",\"itemListElement\":[{\"@type\":\"ListItem\",\"position\":1,\"name\":\"Home\",\"item\":\"https:\/\/west-group.ro\/\"},{\"@type\":\"ListItem\",\"position\":2,\"name\":\"Leistungsspektrum\",\"item\":\"https:\/\/west-group.ro\/en\/services\/\"},{\"@type\":\"ListItem\",\"position\":3,\"name\":\"Infrastrukturarbeiten\"}]},{\"@type\":\"WebSite\",\"@id\":\"https:\/\/west-group.ro\/#website\",\"url\":\"https:\/\/west-group.ro\/\",\"name\":\"West Group\",\"description\":\"\",\"publisher\":{\"@id\":\"https:\/\/west-group.ro\/#organization\"},\"potentialAction\":[{\"@type\":\"SearchAction\",\"target\":{\"@type\":\"EntryPoint\",\"urlTemplate\":\"https:\/\/west-group.ro\/?s={search_term_string}\"},\"query-input\":\"required name=search_term_string\"}],\"inLanguage\":\"de-DE\"},{\"@type\":\"Organization\",\"@id\":\"https:\/\/west-group.ro\/#organization\",\"name\":\"West Group\",\"url\":\"https:\/\/west-group.ro\/\",\"sameAs\":[],\"logo\":{\"@type\":\"ImageObject\",\"inLanguage\":\"de-DE\",\"@id\":\"https:\/\/west-group.ro\/#\/schema\/logo\/image\/\",\"url\":\"https:\/\/west-group.ro\/wp-content\/uploads\/2024\/03\/West-Group-Logo-Black.svg\",\"contentUrl\":\"https:\/\/west-group.ro\/wp-content\/uploads\/2024\/03\/West-Group-Logo-Black.svg\",\"caption\":\"West Group\"},\"image\":{\"@id\":\"https:\/\/west-group.ro\/#\/schema\/logo\/image\/\"}}]}<\/script>\n<!-- \/ Yoast SEO plugin. -->","yoast_head_json":{"title":"Infrastrukturarbeiten - West Group","robots":{"index":"index","follow":"follow","max-snippet":"max-snippet:-1","max-image-preview":"max-image-preview:large","max-video-preview":"max-video-preview:-1"},"canonical":"https:\/\/west-group.ro\/de\/leistungsspektrum\/infrastrukturarbeiten\/","og_locale":"de_DE","og_type":"article","og_title":"Infrastrukturarbeiten - West Group","og_description":"Infrastrukturarbeiten Kontaktiere uns Infrastruktur ist ein wesentlicher Bestandteil der gesellschaftlichen Entwicklung und gew\u00e4hrleistet das reibungslose Funktionieren verschiedenster Lebens- und Wirtschaftsbereiche. Unsere langj\u00e4hrige Erfahrung im Bereich des Tief- und Ingenieurbaus, die hohe Qualit\u00e4t unserer abgeschlossenen Projekte sowie unsere moderne technische Ausstattung sind die entscheidenden Faktoren, die f\u00fcr eine fachgerechte und zuverl\u00e4ssige Ausf\u00fchrung stehen. Mit Professionalit\u00e4t bringen...","og_url":"https:\/\/west-group.ro\/de\/leistungsspektrum\/infrastrukturarbeiten\/","og_site_name":"West Group","article_modified_time":"2025-07-14T09:15:26+00:00","og_image":[{"url":"https:\/\/west-group.ro\/wp-content\/uploads\/2024\/03\/Infrastrukturbau-2.webp"}],"twitter_card":"summary_large_image","twitter_misc":{"Gesch\u00e4tzte Lesezeit":"5 Minuten"},"schema":{"@context":"https:\/\/schema.org","@graph":[{"@type":"WebPage","@id":"https:\/\/west-group.ro\/de\/leistungsspektrum\/infrastrukturarbeiten\/","url":"https:\/\/west-group.ro\/de\/leistungsspektrum\/infrastrukturarbeiten\/","name":"Infrastrukturarbeiten - West Group","isPartOf":{"@id":"https:\/\/west-group.ro\/#website"},"datePublished":"2024-05-21T19:11:31+00:00","dateModified":"2025-07-14T09:15:26+00:00","breadcrumb":{"@id":"https:\/\/west-group.ro\/de\/leistungsspektrum\/infrastrukturarbeiten\/#breadcrumb"},"inLanguage":"de-DE","potentialAction":[{"@type":"ReadAction","target":["https:\/\/west-group.ro\/de\/leistungsspektrum\/infrastrukturarbeiten\/"]}]},{"@type":"BreadcrumbList","@id":"https:\/\/west-group.ro\/de\/leistungsspektrum\/infrastrukturarbeiten\/#breadcrumb","itemListElement":[{"@type":"ListItem","position":1,"name":"Home","item":"https:\/\/west-group.ro\/"},{"@type":"ListItem","position":2,"name":"Leistungsspektrum","item":"https:\/\/west-group.ro\/en\/services\/"},{"@type":"ListItem","position":3,"name":"Infrastrukturarbeiten"}]},{"@type":"WebSite","@id":"https:\/\/west-group.ro\/#website","url":"https:\/\/west-group.ro\/","name":"West Group","description":"","publisher":{"@id":"https:\/\/west-group.ro\/#organization"},"potentialAction":[{"@type":"SearchAction","target":{"@type":"EntryPoint","urlTemplate":"https:\/\/west-group.ro\/?s={search_term_string}"},"query-input":"required name=search_term_string"}],"inLanguage":"de-DE"},{"@type":"Organization","@id":"https:\/\/west-group.ro\/#organization","name":"West Group","url":"https:\/\/west-group.ro\/","sameAs":[],"logo":{"@type":"ImageObject","inLanguage":"de-DE","@id":"https:\/\/west-group.ro\/#\/schema\/logo\/image\/","url":"https:\/\/west-group.ro\/wp-content\/uploads\/2024\/03\/West-Group-Logo-Black.svg","contentUrl":"https:\/\/west-group.ro\/wp-content\/uploads\/2024\/03\/West-Group-Logo-Black.svg","caption":"West Group"},"image":{"@id":"https:\/\/west-group.ro\/#\/schema\/logo\/image\/"}}]}},"_links":{"self":[{"href":"https:\/\/west-group.ro\/de\/wp-json\/wp\/v2\/pages\/18037"}],"collection":[{"href":"https:\/\/west-group.ro\/de\/wp-json\/wp\/v2\/pages"}],"about":[{"href":"https:\/\/west-group.ro\/de\/wp-json\/wp\/v2\/types\/page"}],"author":[{"embeddable":true,"href":"https:\/\/west-group.ro\/de\/wp-json\/wp\/v2\/users\/8"}],"replies":[{"embeddable":true,"href":"https:\/\/west-group.ro\/de\/wp-json\/wp\/v2\/comments?post=18037"}],"version-history":[{"count":9,"href":"https:\/\/west-group.ro\/de\/wp-json\/wp\/v2\/pages\/18037\/revisions"}],"predecessor-version":[{"id":18343,"href":"https:\/\/west-group.ro\/de\/wp-json\/wp\/v2\/pages\/18037\/revisions\/18343"}],"up":[{"embeddable":true,"href":"https:\/\/west-group.ro\/de\/wp-json\/wp\/v2\/pages\/18765"}],"wp:attachment":[{"href":"https:\/\/west-group.ro\/de\/wp-json\/wp\/v2\/media?parent=18037"}],"curies":[{"name":"wp","href":"https:\/\/api.w.org\/{rel}","templated":true}]}}